{"id":696,"date":"2024-08-06T14:07:02","date_gmt":"2024-08-06T11:07:02","guid":{"rendered":"https:\/\/drita.com.tr\/?page_id=696"},"modified":"2025-08-18T18:31:13","modified_gmt":"2025-08-18T15:31:13","slug":"ongoing-projects","status":"publish","type":"page","link":"https:\/\/drita.com.tr\/en\/ongoing-projects\/","title":{"rendered":"Ongoing Projects"},"content":{"rendered":"\t\t<div data-elementor-type=\"wp-page\" data-elementor-id=\"696\" class=\"elementor elementor-696\">\n\t\t\t\t<div class=\"elementor-element elementor-element-5e63d06 e-flex e-con-boxed e-con e-parent\" data-id=\"5e63d06\" data-element_type=\"container\">\n\t\t\t\t\t<div class=\"e-con-inner\">\n\t\t<div class=\"elementor-element elementor-element-e248929 e-con-full e-flex e-con e-child\" data-id=\"e248929\" data-element_type=\"container\">\n\t\t\t\t<div class=\"elementor-element elementor-element-4f9f422 elementor-widget elementor-widget-image\" data-id=\"4f9f422\" data-element_type=\"widget\" data-widget_type=\"image.default\">\n\t\t\t\t<div class=\"elementor-widget-container\">\n\t\t\t\t\t\t\t\t\t\t\t\t\t\t\t<img decoding=\"async\" src=\"https:\/\/drita.com.tr\/en\/wp-content\/uploads\/elementor\/thumbs\/Facade1-1-qs7is30lquti4odqkgqivi9j6mri8yh39gcpm3xvds.jpg\" title=\"Facade1 (1)\" alt=\"Facade1 (1)\" loading=\"lazy\" \/>\t\t\t\t\t\t\t\t\t\t\t\t\t\t\t<\/div>\n\t\t\t\t<\/div>\n\t\t\t\t<div class=\"elementor-element elementor-element-39c4e25 elementor-widget elementor-widget-heading\" data-id=\"39c4e25\" data-element_type=\"widget\" data-widget_type=\"heading.default\">\n\t\t\t\t<div class=\"elementor-widget-container\">\n\t\t\t\t\t<h2 class=\"elementor-heading-title elementor-size-default\">KT&amp;G<\/h2>\t\t\t\t<\/div>\n\t\t\t\t<\/div>\n\t\t\t\t<div class=\"elementor-element elementor-element-61e3ed8 elementor-widget elementor-widget-text-editor\" data-id=\"61e3ed8\" data-element_type=\"widget\" data-widget_type=\"text-editor.default\">\n\t\t\t\t<div class=\"elementor-widget-container\">\n\t\t\t\t\t\t\t\t\t<p>Electrical installations for KT&amp;G Tire Factory.<\/p>\t\t\t\t\t\t\t\t<\/div>\n\t\t\t\t<\/div>\n\t\t\t\t<\/div>\n\t\t<div class=\"elementor-element elementor-element-4a503e2 e-con-full e-flex e-con e-child\" data-id=\"4a503e2\" data-element_type=\"container\">\n\t\t\t\t<div class=\"elementor-element elementor-element-f3dcbc1 elementor-widget elementor-widget-image\" data-id=\"f3dcbc1\" data-element_type=\"widget\" data-widget_type=\"image.default\">\n\t\t\t\t<div class=\"elementor-widget-container\">\n\t\t\t\t\t\t\t\t\t\t\t\t\t\t\t<img decoding=\"async\" src=\"https:\/\/drita.com.tr\/en\/wp-content\/uploads\/elementor\/thumbs\/314325-qs7j4qwbti5kjjzjmfskyt83aiciy5qwo4r7db5xk0.jpg\" title=\"314325\" alt=\"314325\" loading=\"lazy\" \/>\t\t\t\t\t\t\t\t\t\t\t\t\t\t\t<\/div>\n\t\t\t\t<\/div>\n\t\t\t\t<div class=\"elementor-element elementor-element-2c5b668 elementor-widget elementor-widget-heading\" data-id=\"2c5b668\" data-element_type=\"widget\" data-widget_type=\"heading.default\">\n\t\t\t\t<div class=\"elementor-widget-container\">\n\t\t\t\t\t<h2 class=\"elementor-heading-title elementor-size-default\">Ya\u015far Un\u0131verc\u0131ty<\/h2>\t\t\t\t<\/div>\n\t\t\t\t<\/div>\n\t\t\t\t<div class=\"elementor-element elementor-element-7583233 elementor-widget elementor-widget-text-editor\" data-id=\"7583233\" data-element_type=\"widget\" data-widget_type=\"text-editor.default\">\n\t\t\t\t<div class=\"elementor-widget-container\">\n\t\t\t\t\t\t\t\t\t<p>Grounding and lightning protection system works.<\/p><p>\u00a0<\/p><p>\u00a0<\/p>\t\t\t\t\t\t\t\t<\/div>\n\t\t\t\t<\/div>\n\t\t\t\t<\/div>\n\t\t\t\t\t<\/div>\n\t\t\t\t<\/div>\n\t\t\t\t<\/div>\n\t\t","protected":false},"excerpt":{"rendered":"<p>KT&amp;G Electrical installations for KT&amp;G Tire Factory. Ya\u015far Un\u0131verc\u0131ty Grounding and lightning protection system works. \u00a0 \u00a0<\/p>\n","protected":false},"author":1,"featured_media":0,"parent":0,"menu_order":0,"comment_status":"closed","ping_status":"closed","template":"","meta":{"_acf_changed":false,"_joinchat":[],"footnotes":""},"class_list":["post-696","page","type-page","status-publish","hentry"],"acf":[],"_links":{"self":[{"href":"https:\/\/drita.com.tr\/en\/wp-json\/wp\/v2\/pages\/696","targetHints":{"allow":["GET"]}}],"collection":[{"href":"https:\/\/drita.com.tr\/en\/wp-json\/wp\/v2\/pages"}],"about":[{"href":"https:\/\/drita.com.tr\/en\/wp-json\/wp\/v2\/types\/page"}],"author":[{"embeddable":true,"href":"https:\/\/drita.com.tr\/en\/wp-json\/wp\/v2\/users\/1"}],"replies":[{"embeddable":true,"href":"https:\/\/drita.com.tr\/en\/wp-json\/wp\/v2\/comments?post=696"}],"version-history":[{"count":3,"href":"https:\/\/drita.com.tr\/en\/wp-json\/wp\/v2\/pages\/696\/revisions"}],"predecessor-version":[{"id":944,"href":"https:\/\/drita.com.tr\/en\/wp-json\/wp\/v2\/pages\/696\/revisions\/944"}],"wp:attachment":[{"href":"https:\/\/drita.com.tr\/en\/wp-json\/wp\/v2\/media?parent=696"}],"curies":[{"name":"wp","href":"https:\/\/api.w.org\/{rel}","templated":true}]}}